{"id":515,"date":"2017-01-14T13:23:51","date_gmt":"2017-01-14T12:23:51","guid":{"rendered":"http:\/\/blog.manzuko.com\/?page_id=515"},"modified":"2017-01-14T13:23:51","modified_gmt":"2017-01-14T12:23:51","slug":"tutoriale-i-porady","status":"publish","type":"page","link":"https:\/\/manzuko.com\/blog\/tutoriale-i-porady\/","title":{"rendered":"Tutoriale i porady"},"content":{"rendered":"","protected":false},"excerpt":{"rendered":"","protected":false},"author":8,"featured_media":0,"parent":0,"menu_order":0,"comment_status":"closed","ping_status":"closed","template":"","meta":{"footnotes":""},"class_list":["post-515","page","type-page","status-publish","hentry"],"yoast_head":"<!-- This site is optimized with the Yoast SEO Premium plugin v26.8 (Yoast SEO v27.3) - https:\/\/yoast.com\/product\/yoast-seo-premium-wordpress\/ -->\n<title>Tutoriale i porady - Blog manzuko.com<\/title>\n<meta name=\"robots\" content=\"index, follow, max-snippet:-1, max-image-preview:large, max-video-preview:-1\" \/>\n<link rel=\"canonical\" href=\"https:\/\/manzuko.com\/blog\/tutoriale-i-porady\/\" \/>\n<meta property=\"og:locale\" content=\"pl_PL\" \/>\n<meta property=\"og:type\" content=\"article\" \/>\n<meta property=\"og:title\" content=\"Tutoriale i porady\" \/>\n<meta property=\"og:url\" content=\"https:\/\/manzuko.com\/blog\/tutoriale-i-porady\/\" \/>\n<meta property=\"og:site_name\" content=\"Blog manzuko.com\" \/>\n<meta property=\"article:publisher\" content=\"https:\/\/pl-pl.facebook.com\/manzukocom\/\" \/>\n<meta name=\"twitter:card\" content=\"summary_large_image\" \/>\n<script type=\"application\/ld+json\" class=\"yoast-schema-graph\">{\"@context\":\"https:\\\/\\\/schema.org\",\"@graph\":[{\"@type\":\"WebPage\",\"@id\":\"https:\\\/\\\/manzuko.com\\\/blog\\\/tutoriale-i-porady\\\/\",\"url\":\"https:\\\/\\\/manzuko.com\\\/blog\\\/tutoriale-i-porady\\\/\",\"name\":\"Tutoriale i porady - Blog manzuko.com\",\"isPartOf\":{\"@id\":\"https:\\\/\\\/manzuko.com\\\/blog\\\/#website\"},\"datePublished\":\"2017-01-14T12:23:51+00:00\",\"breadcrumb\":{\"@id\":\"https:\\\/\\\/manzuko.com\\\/blog\\\/tutoriale-i-porady\\\/#breadcrumb\"},\"inLanguage\":\"pl-PL\",\"potentialAction\":[{\"@type\":\"ReadAction\",\"target\":[\"https:\\\/\\\/manzuko.com\\\/blog\\\/tutoriale-i-porady\\\/\"]}]},{\"@type\":\"BreadcrumbList\",\"@id\":\"https:\\\/\\\/manzuko.com\\\/blog\\\/tutoriale-i-porady\\\/#breadcrumb\",\"itemListElement\":[{\"@type\":\"ListItem\",\"position\":1,\"name\":\"Strona g\u0142\u00f3wna\",\"item\":\"https:\\\/\\\/manzuko.com\\\/blog\\\/\"},{\"@type\":\"ListItem\",\"position\":2,\"name\":\"Tutoriale i porady\"}]},{\"@type\":\"WebSite\",\"@id\":\"https:\\\/\\\/manzuko.com\\\/blog\\\/#website\",\"url\":\"https:\\\/\\\/manzuko.com\\\/blog\\\/\",\"name\":\"Blog manzuko.com\",\"description\":\"Koraliki i p\u00f3\u0142fabrykaty do bi\u017cuterii to Twoje ulubione puzzle? Ten blog jest dla Ciebie.\",\"publisher\":{\"@id\":\"https:\\\/\\\/manzuko.com\\\/blog\\\/#organization\"},\"potentialAction\":[{\"@type\":\"SearchAction\",\"target\":{\"@type\":\"EntryPoint\",\"urlTemplate\":\"https:\\\/\\\/manzuko.com\\\/blog\\\/?s={search_term_string}\"},\"query-input\":{\"@type\":\"PropertyValueSpecification\",\"valueRequired\":true,\"valueName\":\"search_term_string\"}}],\"inLanguage\":\"pl-PL\"},{\"@type\":\"Organization\",\"@id\":\"https:\\\/\\\/manzuko.com\\\/blog\\\/#organization\",\"name\":\"Manzuko\",\"url\":\"https:\\\/\\\/manzuko.com\\\/blog\\\/\",\"logo\":{\"@type\":\"ImageObject\",\"inLanguage\":\"pl-PL\",\"@id\":\"https:\\\/\\\/manzuko.com\\\/blog\\\/#\\\/schema\\\/logo\\\/image\\\/\",\"url\":\"https:\\\/\\\/manzuko.com\\\/blog\\\/wp-content\\\/uploads\\\/2025\\\/01\\\/Manzuko-Logo1111.png\",\"contentUrl\":\"https:\\\/\\\/manzuko.com\\\/blog\\\/wp-content\\\/uploads\\\/2025\\\/01\\\/Manzuko-Logo1111.png\",\"width\":824,\"height\":853,\"caption\":\"Manzuko\"},\"image\":{\"@id\":\"https:\\\/\\\/manzuko.com\\\/blog\\\/#\\\/schema\\\/logo\\\/image\\\/\"},\"sameAs\":[\"https:\\\/\\\/pl-pl.facebook.com\\\/manzukocom\\\/\",\"https:\\\/\\\/pl.pinterest.com\\\/manzukocom\\\/\",\"https:\\\/\\\/www.instagram.com\\\/manzukocom\\\/\"],\"description\":\"Blog Manzuko jest miejscem, w kt\u00f3rym zesp\u00f3\u0142 tego sklepu z koralikami stara si\u0119 przybli\u017ca\u0107 pi\u0119kno i kreatywne mo\u017cliwo\u015bci jakie daje samodzielne tworzenie bi\u017cuterii. Na tym blogu znajdziesz porady jak zrobi\u0107 bransoletki i naszyjniki, jak czy\u015bci\u0107 i przechowywa\u0107 bi\u017cuteri\u0119 oraz jakich koralik\u00f3w i p\u00f3\u0142fabrykat\u00f3w u\u017cy\u0107 do poszczeg\u00f3lnych projekt\u00f3w. Posty z tutorialami i poradami przeplatamy takimi, w kt\u00f3rych mn\u00f3stwo jest ciekawostek z zakresu gemmologii jak i trend\u00f3w z wybieg\u00f3w mody i wielkich Gal. Regularnie podpatrujemy dla Was Gal\u0119 wr\u0119czenia Oskar\u00f3w i Met Gal\u0119, \u015bledzimy z zaanga\u017cowaniem bi\u017cuteri\u0119 przewijaj\u0105c\u0105 si\u0119 w filmach. Sklep Manzuko to dziesi\u0105tki tysi\u0119cy koralik\u00f3w i p\u00f3\u0142fabrykat\u00f3w, pomagamy odnale\u017a\u0107 si\u0119 w tym \u015bwiecie nawet laikom, by z przyjemno\u015bci\u0105 da\u0142o si\u0119 tworzy\u0107 pi\u0119kne przedmioty.\",\"email\":\"sklep@manzuko.com\",\"telephone\":\"(+48) 733-885-808\",\"legalName\":\"Koniarscy s.c. Zuzanna Koniarska Mateusz Koniarski\",\"foundingDate\":\"1993-05-17\",\"vatID\":\"8431074220\",\"numberOfEmployees\":{\"@type\":\"QuantitativeValue\",\"minValue\":\"1\",\"maxValue\":\"10\"}}]}<\/script>\n<!-- \/ Yoast SEO Premium plugin. -->","yoast_head_json":{"title":"Tutoriale i porady - Blog manzuko.com","robots":{"index":"index","follow":"follow","max-snippet":"max-snippet:-1","max-image-preview":"max-image-preview:large","max-video-preview":"max-video-preview:-1"},"canonical":"https:\/\/manzuko.com\/blog\/tutoriale-i-porady\/","og_locale":"pl_PL","og_type":"article","og_title":"Tutoriale i porady","og_url":"https:\/\/manzuko.com\/blog\/tutoriale-i-porady\/","og_site_name":"Blog manzuko.com","article_publisher":"https:\/\/pl-pl.facebook.com\/manzukocom\/","twitter_card":"summary_large_image","schema":{"@context":"https:\/\/schema.org","@graph":[{"@type":"WebPage","@id":"https:\/\/manzuko.com\/blog\/tutoriale-i-porady\/","url":"https:\/\/manzuko.com\/blog\/tutoriale-i-porady\/","name":"Tutoriale i porady - Blog manzuko.com","isPartOf":{"@id":"https:\/\/manzuko.com\/blog\/#website"},"datePublished":"2017-01-14T12:23:51+00:00","breadcrumb":{"@id":"https:\/\/manzuko.com\/blog\/tutoriale-i-porady\/#breadcrumb"},"inLanguage":"pl-PL","potentialAction":[{"@type":"ReadAction","target":["https:\/\/manzuko.com\/blog\/tutoriale-i-porady\/"]}]},{"@type":"BreadcrumbList","@id":"https:\/\/manzuko.com\/blog\/tutoriale-i-porady\/#breadcrumb","itemListElement":[{"@type":"ListItem","position":1,"name":"Strona g\u0142\u00f3wna","item":"https:\/\/manzuko.com\/blog\/"},{"@type":"ListItem","position":2,"name":"Tutoriale i porady"}]},{"@type":"WebSite","@id":"https:\/\/manzuko.com\/blog\/#website","url":"https:\/\/manzuko.com\/blog\/","name":"Blog manzuko.com","description":"Koraliki i p\u00f3\u0142fabrykaty do bi\u017cuterii to Twoje ulubione puzzle? Ten blog jest dla Ciebie.","publisher":{"@id":"https:\/\/manzuko.com\/blog\/#organization"},"potentialAction":[{"@type":"SearchAction","target":{"@type":"EntryPoint","urlTemplate":"https:\/\/manzuko.com\/blog\/?s={search_term_string}"},"query-input":{"@type":"PropertyValueSpecification","valueRequired":true,"valueName":"search_term_string"}}],"inLanguage":"pl-PL"},{"@type":"Organization","@id":"https:\/\/manzuko.com\/blog\/#organization","name":"Manzuko","url":"https:\/\/manzuko.com\/blog\/","logo":{"@type":"ImageObject","inLanguage":"pl-PL","@id":"https:\/\/manzuko.com\/blog\/#\/schema\/logo\/image\/","url":"https:\/\/manzuko.com\/blog\/wp-content\/uploads\/2025\/01\/Manzuko-Logo1111.png","contentUrl":"https:\/\/manzuko.com\/blog\/wp-content\/uploads\/2025\/01\/Manzuko-Logo1111.png","width":824,"height":853,"caption":"Manzuko"},"image":{"@id":"https:\/\/manzuko.com\/blog\/#\/schema\/logo\/image\/"},"sameAs":["https:\/\/pl-pl.facebook.com\/manzukocom\/","https:\/\/pl.pinterest.com\/manzukocom\/","https:\/\/www.instagram.com\/manzukocom\/"],"description":"Blog Manzuko jest miejscem, w kt\u00f3rym zesp\u00f3\u0142 tego sklepu z koralikami stara si\u0119 przybli\u017ca\u0107 pi\u0119kno i kreatywne mo\u017cliwo\u015bci jakie daje samodzielne tworzenie bi\u017cuterii. Na tym blogu znajdziesz porady jak zrobi\u0107 bransoletki i naszyjniki, jak czy\u015bci\u0107 i przechowywa\u0107 bi\u017cuteri\u0119 oraz jakich koralik\u00f3w i p\u00f3\u0142fabrykat\u00f3w u\u017cy\u0107 do poszczeg\u00f3lnych projekt\u00f3w. Posty z tutorialami i poradami przeplatamy takimi, w kt\u00f3rych mn\u00f3stwo jest ciekawostek z zakresu gemmologii jak i trend\u00f3w z wybieg\u00f3w mody i wielkich Gal. Regularnie podpatrujemy dla Was Gal\u0119 wr\u0119czenia Oskar\u00f3w i Met Gal\u0119, \u015bledzimy z zaanga\u017cowaniem bi\u017cuteri\u0119 przewijaj\u0105c\u0105 si\u0119 w filmach. Sklep Manzuko to dziesi\u0105tki tysi\u0119cy koralik\u00f3w i p\u00f3\u0142fabrykat\u00f3w, pomagamy odnale\u017a\u0107 si\u0119 w tym \u015bwiecie nawet laikom, by z przyjemno\u015bci\u0105 da\u0142o si\u0119 tworzy\u0107 pi\u0119kne przedmioty.","email":"sklep@manzuko.com","telephone":"(+48) 733-885-808","legalName":"Koniarscy s.c. Zuzanna Koniarska Mateusz Koniarski","foundingDate":"1993-05-17","vatID":"8431074220","numberOfEmployees":{"@type":"QuantitativeValue","minValue":"1","maxValue":"10"}}]}},"_links":{"self":[{"href":"https:\/\/manzuko.com\/blog\/wp-json\/wp\/v2\/pages\/515","targetHints":{"allow":["GET"]}}],"collection":[{"href":"https:\/\/manzuko.com\/blog\/wp-json\/wp\/v2\/pages"}],"about":[{"href":"https:\/\/manzuko.com\/blog\/wp-json\/wp\/v2\/types\/page"}],"author":[{"embeddable":true,"href":"https:\/\/manzuko.com\/blog\/wp-json\/wp\/v2\/users\/8"}],"replies":[{"embeddable":true,"href":"https:\/\/manzuko.com\/blog\/wp-json\/wp\/v2\/comments?post=515"}],"version-history":[{"count":0,"href":"https:\/\/manzuko.com\/blog\/wp-json\/wp\/v2\/pages\/515\/revisions"}],"wp:attachment":[{"href":"https:\/\/manzuko.com\/blog\/wp-json\/wp\/v2\/media?parent=515"}],"curies":[{"name":"wp","href":"https:\/\/api.w.org\/{rel}","templated":true}]}}